{"id":94,"date":"2022-05-12T10:42:51","date_gmt":"2022-05-12T10:42:51","guid":{"rendered":"http:\/\/centrum-improve.pl\/?page_id=94"},"modified":"2024-07-24T08:33:12","modified_gmt":"2024-07-24T08:33:12","slug":"kontakt","status":"publish","type":"page","link":"https:\/\/centrum-improve.pl\/index.php\/kontakt\/","title":{"rendered":"Kontakt"},"content":{"rendered":"<div data-colibri-id=\"94-c1\" class=\"style-689 style-local-94-c1 position-relative\">\r\n  <!---->\r\n  <div data-colibri-component=\"section\" data-colibri-id=\"94-c2\" id=\"custom\" class=\"h-section h-section-global-spacing d-flex align-items-lg-center align-items-md-center align-items-center style-690 style-local-94-c2 position-relative\">\r\n    <!---->\r\n    <!---->\r\n    <div class=\"h-section-grid-container h-section-boxed-container\">\r\n      <!---->\r\n      <div data-colibri-id=\"94-c3\" class=\"h-row-container gutters-row-lg-2 gutters-row-md-2 gutters-row-0 gutters-row-v-lg-2 gutters-row-v-md-2 gutters-row-v-2 style-691 style-local-94-c3 position-relative\">\r\n        <!---->\r\n        <div class=\"h-row justify-content-lg-center justify-content-md-center justify-content-center align-items-lg-center align-items-md-center align-items-center gutters-col-lg-2 gutters-col-md-2 gutters-col-0 gutters-col-v-lg-2 gutters-col-v-md-2 gutters-col-v-2\">\r\n          <!---->\r\n          <div class=\"h-column h-column-container d-flex h-col-lg-auto h-col-md-auto h-col-auto align-self-lg-center align-self-md-center align-self-center style-692-outer style-local-94-c4-outer\">\r\n            <div data-colibri-id=\"94-c4\" class=\"d-flex h-flex-basis h-column__inner h-px-lg-2 h-px-md-2 h-px-2 v-inner-lg-2 v-inner-md-2 v-inner-2 style-692 style-local-94-c4 position-relative\">\r\n              <!---->\r\n              <!---->\r\n              <div class=\"w-100 h-y-container h-column__content h-column__v-align flex-basis-100 align-self-lg-start align-self-md-start align-self-start\">\r\n                <!---->\r\n                <div data-colibri-id=\"94-c5\" class=\"h-global-transition-all h-heading style-706 style-local-94-c5 position-relative h-element\">\r\n                  <!---->\r\n                  <div class=\"h-heading__outer style-706 style-local-94-c5\">\r\n                    <!---->\r\n                    <!---->\r\n                    <h1 class=\"\">Skontaktuj si\u0119 z nami<\/h1>\r\n                  <\/div>\r\n                <\/div>\r\n                <div data-colibri-id=\"94-c6\" class=\"h-text h-text-component style-696 style-local-94-c6 position-relative h-element\">\r\n                  <!---->\r\n                  <!---->\r\n                  <div class=\"\">\r\n                    <p>Napisz do nas lub zadzwo\u0144! Ch\u0119tnie odpowiemy na Twoje pytania.<\/p>\r\n                  <\/div>\r\n                <\/div>\r\n              <\/div>\r\n            <\/div>\r\n          <\/div>\r\n          <div class=\"h-column h-column-container d-flex h-col-lg-auto h-col-md-auto h-col-auto align-self-lg-center align-self-md-center align-self-center style-693-outer style-local-94-c7-outer\">\r\n            <div data-colibri-id=\"94-c7\" class=\"d-flex h-flex-basis h-column__inner h-px-lg-2 h-px-md-2 h-px-2 v-inner-lg-2 v-inner-md-2 v-inner-2 style-693 style-local-94-c7 position-relative\">\r\n              <!---->\r\n              <!---->\r\n              <div class=\"w-100 h-y-container h-column__content h-column__v-align flex-basis-100 align-self-lg-start align-self-md-start align-self-start\">\r\n                <!---->\r\n                <div data-colibri-id=\"94-c8\" class=\"h-contact-form__outer--forminator style-695 style-local-94-c8 position-relative h-element\">\r\n                  <!---->\r\n                  <div class=\"h-global-transition-all h-global-transition h-global-transition-all h-contact-form-shortcode\"><div class=\"forminator-ui forminator-custom-form forminator-custom-form-238 forminator-design--default  forminator_ajax\" data-forminator-render=\"0\" data-form=\"forminator-module-238\" data-uid=\"69e0e8f278dae\"><br\/><\/div><form\n\t\t\t\tid=\"forminator-module-238\"\n\t\t\t\tclass=\"forminator-ui forminator-custom-form forminator-custom-form-238 forminator-design--default  forminator_ajax\"\n\t\t\t\tmethod=\"post\"\n\t\t\t\tdata-forminator-render=\"0\"\n\t\t\t\tdata-form-id=\"238\"\n\t\t\t\t\n\t\t\t\tdata-design=\"default\"\n\t\t\t\t\n\t\t\t\t\n\t\t\t\t\n\t\t\t\tdata-grid=\"open\"\n\t\t\t\t\n\t\t\t\t\n\t\t\t\tstyle=\"display: none;\"\n\t\t\t\t\n\t\t\t\tdata-uid=\"69e0e8f278dae\"\n\t\t\t><div role=\"alert\" aria-live=\"polite\" class=\"forminator-response-message forminator-error\" aria-hidden=\"true\"><\/div><div class=\"forminator-row\"><div id=\"select-1\" class=\"forminator-field-select forminator-col forminator-col-12 \"><div class=\"forminator-field\"><label for=\"forminator-form-238__field--select-1_69e0e8f278dae\" id=\"forminator-form-238__field--select-1_69e0e8f278dae-label\" class=\"forminator-label\">Wybierz specjalizacj\u0119 <span class=\"forminator-required\">*<\/span><\/label><select  id=\"forminator-form-238__field--select-1_69e0e8f278dae\" class=\"forminator-select--field forminator-select2 forminator-select2-multiple\" data-required=\"1\" name=\"select-1\" data-default-value=\"\" data-placeholder=\"Specjalizacja\" data-search=\"false\" data-search-placeholder=\"Specjalizacja\" data-checkbox=\"false\" data-allow-clear=\"false\" aria-labelledby=\"forminator-form-238__field--select-1_69e0e8f278dae-label\"><option value=\"Trening-Rehabilitacyjny\"  data-calculation=\"0\">Trening Rehabilitacyjny<\/option><option value=\"Trening-personalny\"  data-calculation=\"0\">Trening personalny<\/option><option value=\"Fizjoterapia\"  data-calculation=\"0\">Fizjoterapia<\/option><option value=\"Przygotowanie-motoryczne\"  data-calculation=\"0\">Przygotowanie motoryczne<\/option><option value=\"Konsultacja,-ewaluacja-i-testy-motoryczne\"  data-calculation=\"0\">Konsultacja, ewaluacja i testy motoryczne<\/option><option value=\"Trening-dzieci-i-m\u0142odzie\u017cy\"  data-calculation=\"0\">Trening dzieci i m\u0142odzie\u017cy<\/option><\/select><\/div><\/div><\/div><div class=\"forminator-row\"><div id=\"select-2\" class=\"forminator-field-select forminator-col forminator-col-12 \"><div class=\"forminator-field\"><label for=\"forminator-form-238__field--select-2_69e0e8f278dae\" id=\"forminator-form-238__field--select-2_69e0e8f278dae-label\" class=\"forminator-label\">Wybierz Specjalist\u0119 <span class=\"forminator-required\">*<\/span><\/label><select  id=\"forminator-form-238__field--select-2_69e0e8f278dae\" class=\"forminator-select--field forminator-select2 forminator-select2-multiple\" data-required=\"1\" name=\"select-2\" data-default-value=\"\" data-placeholder=\"Specjalista\" data-search=\"false\" data-search-placeholder=\"Specjalista\" data-checkbox=\"false\" data-allow-clear=\"false\" aria-labelledby=\"forminator-form-238__field--select-2_69e0e8f278dae-label\"><option value=\"Monika-Chrz\u0105szcz\"  data-calculation=\"0\">Monika Chrz\u0105szcz<\/option><option value=\"Rafa\u0142-Chrz\u0105szcz\"  data-calculation=\"0\">Rafa\u0142 Chrz\u0105szcz<\/option><option value=\"Tomasz-Pi\u0119tka\"  data-calculation=\"0\">Tomasz Pi\u0119tka<\/option><option value=\"Paulina-Pi\u0119tka\"  data-calculation=\"0\">Paulina Pi\u0119tka<\/option><option value=\"Karolina-Nowak\"  data-calculation=\"0\">Karolina Nowak<\/option><option value=\"Indywidualny-dob\u00f3r-specjalisty\"  data-calculation=\"0\">Indywidualny dob\u00f3r specjalisty<\/option><\/select><\/div><\/div><\/div><div class=\"forminator-row\"><div id=\"name-1\" class=\"forminator-field-name forminator-col forminator-col-12 \"><div class=\"forminator-field\"><label for=\"forminator-field-name-1_69e0e8f278dae\" id=\"forminator-field-name-1_69e0e8f278dae-label\" class=\"forminator-label\">Imi\u0119 i Nazwisko <span class=\"forminator-required\">*<\/span><\/label><input type=\"text\" name=\"name-1\" value=\"\" placeholder=\"Na przyk\u0142ad: Jan Kowalski\" id=\"forminator-field-name-1_69e0e8f278dae\" class=\"forminator-input forminator-name--field\" aria-required=\"true\" \/><\/div><\/div><\/div><div class=\"forminator-row\"><div id=\"email-1\" class=\"forminator-field-email forminator-col forminator-col-6 \"><div class=\"forminator-field\"><label for=\"forminator-field-email-1_69e0e8f278dae\" id=\"forminator-field-email-1_69e0e8f278dae-label\" class=\"forminator-label\">Adres e-mail <span class=\"forminator-required\">*<\/span><\/label><input type=\"email\" name=\"email-1\" value=\"\" placeholder=\"Na przyk\u0142ad: jan@kowalski.com\" id=\"forminator-field-email-1_69e0e8f278dae\" class=\"forminator-input forminator-email--field\" data-required=\"true\" aria-required=\"true\" \/><\/div><\/div><div id=\"phone-1\" class=\"forminator-field-phone forminator-col forminator-col-6 \"><div class=\"forminator-field\"><label for=\"forminator-field-phone-1_69e0e8f278dae\" id=\"forminator-field-phone-1_69e0e8f278dae-label\" class=\"forminator-label\">Numer telefonu<\/label><input type=\"text\" name=\"phone-1\" value=\"\" placeholder=\"Przyk\u0142ad. +48 100 200 300\" id=\"forminator-field-phone-1_69e0e8f278dae\" class=\"forminator-input forminator-field--phone\" data-required=\"\" aria-required=\"false\" autocomplete=\"off\" \/><\/div><\/div><\/div><div class=\"forminator-row\"><div id=\"textarea-1\" class=\"forminator-field-textarea forminator-col forminator-col-12 \"><div class=\"forminator-field\"><label for=\"forminator-field-textarea-1_69e0e8f278dae\" id=\"forminator-field-textarea-1_69e0e8f278dae-label\" class=\"forminator-label\">Wiadomo\u015b\u0107<\/label><textarea name=\"textarea-1\" placeholder=\"Wpisz swoj\u0105 wiadomo\u015b\u0107...\" id=\"forminator-field-textarea-1_69e0e8f278dae\" class=\"forminator-textarea\" rows=\"6\" style=\"min-height:140px;\" maxlength=\"180\" ><\/textarea><span id=\"forminator-field-textarea-1_69e0e8f278dae-description\" class=\"forminator-description\"><span data-limit=\"180\" data-type=\"characters\">0 \/ 180<\/span><\/span><\/div><\/div><\/div><input type=\"hidden\" name=\"referer_url\" value=\"\" \/><div class=\"forminator-row forminator-row-last\"><div class=\"forminator-col\"><div class=\"forminator-field\"><button class=\"forminator-button forminator-button-submit\">Wy\u015blij wiadomo\u015b\u0107<\/button><\/div><\/div><\/div><input type=\"hidden\" id=\"forminator_nonce\" name=\"forminator_nonce\" value=\"5441d0e642\" \/><input type=\"hidden\" name=\"_wp_http_referer\" value=\"\/index.php\/wp-json\/wp\/v2\/pages\/94\" \/><input type=\"hidden\" name=\"form_id\" value=\"238\"><input type=\"hidden\" name=\"page_id\" value=\"94\"><input type=\"hidden\" name=\"form_type\" value=\"default\"><input type=\"hidden\" name=\"current_url\" value=\"https:\/\/centrum-improve.pl\/index.php\/kontakt\/\"><input type=\"hidden\" name=\"render_id\" value=\"0\"><input type=\"hidden\" name=\"action\" value=\"forminator_submit_form_custom-forms\"><\/form><\/div>\r\n                <\/div>\r\n              <\/div>\r\n            <\/div>\r\n          <\/div>\r\n        <\/div>\r\n      <\/div>\r\n      <div data-colibri-id=\"94-c9\" class=\"h-row-container gutters-row-lg-2 gutters-row-md-2 gutters-row-0 gutters-row-v-lg-2 gutters-row-v-md-2 gutters-row-v-2 style-701 style-local-94-c9 position-relative\">\r\n        <!---->\r\n        <div class=\"h-row justify-content-lg-center justify-content-md-center justify-content-center align-items-lg-stretch align-items-md-stretch align-items-stretch gutters-col-lg-2 gutters-col-md-2 gutters-col-0 gutters-col-v-lg-2 gutters-col-v-md-2 gutters-col-v-2\">\r\n          <!---->\r\n          <div class=\"h-column h-column-container d-flex h-col-lg-auto h-col-md-auto h-col-auto style-702-outer style-local-94-c10-outer\">\r\n            <div data-colibri-id=\"94-c10\" class=\"d-flex h-flex-basis h-column__inner h-px-lg-2 h-px-md-2 h-px-2 v-inner-lg-2 v-inner-md-2 v-inner-2 style-702 style-local-94-c10 position-relative\">\r\n              <!---->\r\n              <!---->\r\n              <div class=\"w-100 h-y-container h-column__content h-column__v-align flex-basis-100 align-self-lg-start align-self-md-start align-self-start\">\r\n                <!---->\r\n                <div data-colibri-id=\"94-c11\" class=\"h-global-transition-all h-heading style-709 style-local-94-c11 position-relative h-element\">\r\n                  <!---->\r\n                  <div class=\"h-heading__outer style-709 style-local-94-c11\">\r\n                    <!---->\r\n                    <!---->\r\n                    <h2 class=\"\">Gdzie znajduje si\u0119 nasze Centrum?\r\n                      <br>\r\n                      <br><strong>ul.O\u015bwi\u0119cimska 87&nbsp;<br>Ruda \u015al\u0105ska<\/strong><\/h2>\r\n                  <\/div>\r\n                <\/div>\r\n              <\/div>\r\n            <\/div>\r\n          <\/div>\r\n          <div class=\"h-column h-column-container d-flex h-col-lg-auto h-col-md-auto h-col-auto style-703-outer style-local-94-c12-outer\">\r\n            <div data-colibri-id=\"94-c12\" class=\"d-flex h-flex-basis h-column__inner h-px-lg-2 h-px-md-2 h-px-2 v-inner-lg-2 v-inner-md-2 v-inner-2 style-703 style-local-94-c12 position-relative\">\r\n              <!---->\r\n              <!---->\r\n              <div class=\"w-100 h-y-container h-column__content h-column__v-align flex-basis-100 align-self-lg-start align-self-md-start align-self-start\">\r\n                <!---->\r\n                <div data-colibri-id=\"94-c13\" class=\"d-block style-987 style-local-94-c13 position-relative h-element\">\r\n                  <!---->\r\n                  <div class=\"h-image__frame-container-outer\">\r\n                    <div class=\"h-image__frame-container\">\r\n                      <!---->\r\n                      <!---->\r\n                      <img loading=\"lazy\" decoding=\"async\" width=\"702\" height=\"703\" src=\"https:\/\/centrum-improve.pl\/wp-content\/uploads\/2024\/07\/cropped-Zrzut-ekranu-2024-07-02-220929.png\" class=\"wp-image-956 style-987-image style-local-94-c13-image\" alt=\"\" srcset=\"https:\/\/centrum-improve.pl\/wp-content\/uploads\/2024\/07\/cropped-Zrzut-ekranu-2024-07-02-220929.png 702w, https:\/\/centrum-improve.pl\/wp-content\/uploads\/2024\/07\/cropped-Zrzut-ekranu-2024-07-02-220929-300x300.png 300w, https:\/\/centrum-improve.pl\/wp-content\/uploads\/2024\/07\/cropped-Zrzut-ekranu-2024-07-02-220929-150x150.png 150w\" sizes=\"(max-width: 702px) 100vw, 702px\" \/>\r\n                      <div class=\"h-image__frame h-hide-lg h-hide-md h-hide-sm style-987-frameImage style-local-94-c13-frameImage\"><\/div>\r\n                    <\/div>\r\n                  <\/div>\r\n                <\/div>\r\n              <\/div>\r\n            <\/div>\r\n          <\/div>\r\n        <\/div>\r\n      <\/div>\r\n    <\/div>\r\n  <\/div>\r\n<\/div>","protected":false},"excerpt":{"rendered":"<p>Skontaktuj si\u0119 z nami Napisz do nas lub zadzwo\u0144! Ch\u0119tnie odpowiemy na Twoje pytania. Gdzie znajduje si\u0119 nasze Centrum? ul.O\u015bwi\u0119cimska 87&nbsp;Ruda \u015al\u0105ska<\/p>\n","protected":false},"author":1,"featured_media":0,"parent":0,"menu_order":0,"comment_status":"closed","ping_status":"closed","template":"page-templates\/full-width-page.php","meta":{"footnotes":""},"_links":{"self":[{"href":"https:\/\/centrum-improve.pl\/index.php\/wp-json\/wp\/v2\/pages\/94"}],"collection":[{"href":"https:\/\/centrum-improve.pl\/index.php\/wp-json\/wp\/v2\/pages"}],"about":[{"href":"https:\/\/centrum-improve.pl\/index.php\/wp-json\/wp\/v2\/types\/page"}],"author":[{"embeddable":true,"href":"https:\/\/centrum-improve.pl\/index.php\/wp-json\/wp\/v2\/users\/1"}],"replies":[{"embeddable":true,"href":"https:\/\/centrum-improve.pl\/index.php\/wp-json\/wp\/v2\/comments?post=94"}],"version-history":[{"count":9,"href":"https:\/\/centrum-improve.pl\/index.php\/wp-json\/wp\/v2\/pages\/94\/revisions"}],"predecessor-version":[{"id":981,"href":"https:\/\/centrum-improve.pl\/index.php\/wp-json\/wp\/v2\/pages\/94\/revisions\/981"}],"wp:attachment":[{"href":"https:\/\/centrum-improve.pl\/index.php\/wp-json\/wp\/v2\/media?parent=94"}],"curies":[{"name":"wp","href":"https:\/\/api.w.org\/{rel}","templated":true}]}}